{"id":45,"date":"2018-04-16T21:19:00","date_gmt":"2018-04-16T21:19:00","guid":{"rendered":"https:\/\/www.osezlessentiel.org\/?page_id=45"},"modified":"2022-02-16T12:28:15","modified_gmt":"2022-02-16T11:28:15","slug":"conferences","status":"publish","type":"page","link":"https:\/\/www.osezlessentiel.org\/index.php\/conferences\/","title":{"rendered":"Conf\u00e9rences"},"content":{"rendered":"\n<p>Je propose plusieurs conf\u00e9rences:<\/p>\n\n\n\n<div class=\"wp-block-columns is-layout-flex wp-container-core-columns-is-layout-9d6595d7 wp-block-columns-is-layout-flex\">\n<div class=\"wp-block-column is-layout-flow wp-block-column-is-layout-flow\" style=\"flex-basis:100%\">\n<ul class=\"wp-block-list\"><li>D\u00e9couverte de la sophrologie<\/li><li>Am\u00e9liorer son sommeil<\/li><li>Que faire pour mieux g\u00e9rer son stress et d\u00e9velopper son potentiel?<\/li><li>Sophrologie et adoption<\/li><li>Mettre en place une routine matinale<\/li><li>Rep\u00e9rer les douces violences dans les relations <\/li><li>&#8230;<\/li><\/ul>\n\n\n\n<p><\/p>\n\n\n\n<ul class=\"wp-block-list\"><li>Qu&rsquo;est-ce que le Reiki<\/li><li>D\u00e9couverte des fondamentaux de l&rsquo;\u00e9nerg\u00e9tique<\/li><li>La flamme violette<\/li><li>&#8230;<\/li><\/ul>\n<\/div>\n<\/div>\n\n\n\n<p>N&rsquo;h\u00e9sitez pas \u00e0 me contacter pour \u00e9changer sur votre projet.<\/p>\n\n\n\n<div class=\"wp-block-image\"><figure class=\"aligncenter size-large\"><img loading=\"lazy\" decoding=\"async\" width=\"768\" height=\"1024\" src=\"https:\/\/www.osezlessentiel.org\/wp-content\/uploads\/2019\/12\/IMG_3629-1-768x1024.jpg\" alt=\"\" class=\"wp-image-253\" srcset=\"https:\/\/www.osezlessentiel.org\/wp-content\/uploads\/2019\/12\/IMG_3629-1-768x1024.jpg 768w, https:\/\/www.osezlessentiel.org\/wp-content\/uploads\/2019\/12\/IMG_3629-1-225x300.jpg 225w\" sizes=\"auto, (max-width: 767px) 89vw, (max-width: 1000px) 54vw, (max-width: 1071px) 543px, 580px\" \/><\/figure><\/div>\n\n\n\n<p><\/p>\n","protected":false},"excerpt":{"rendered":"<p>Je propose plusieurs conf\u00e9rences: D\u00e9couverte de la sophrologie Am\u00e9liorer son sommeil Que faire pour mieux g\u00e9rer son stress et d\u00e9velopper son potentiel? Sophrologie et adoption Mettre en place une routine matinale Rep\u00e9rer les douces violences dans les relations &#8230; Qu&rsquo;est-ce que le Reiki D\u00e9couverte des fondamentaux de l&rsquo;\u00e9nerg\u00e9tique La flamme violette &#8230; N&rsquo;h\u00e9sitez pas \u00e0 &hellip; <\/p>\n<p class=\"link-more\"><a href=\"https:\/\/www.osezlessentiel.org\/index.php\/conferences\/\" class=\"more-link\">Continuer la lecture<span class=\"screen-reader-text\"> de &laquo;&nbsp;Conf\u00e9rences&nbsp;&raquo;<\/span><\/a><\/p>\n","protected":false},"author":1,"featured_media":0,"parent":0,"menu_order":-1,"comment_status":"closed","ping_status":"closed","template":"","meta":{"footnotes":""},"class_list":["post-45","page","type-page","status-publish","hentry"],"_links":{"self":[{"href":"https:\/\/www.osezlessentiel.org\/index.php\/wp-json\/wp\/v2\/pages\/45","targetHints":{"allow":["GET"]}}],"collection":[{"href":"https:\/\/www.osezlessentiel.org\/index.php\/wp-json\/wp\/v2\/pages"}],"about":[{"href":"https:\/\/www.osezlessentiel.org\/index.php\/wp-json\/wp\/v2\/types\/page"}],"author":[{"embeddable":true,"href":"https:\/\/www.osezlessentiel.org\/index.php\/wp-json\/wp\/v2\/users\/1"}],"replies":[{"embeddable":true,"href":"https:\/\/www.osezlessentiel.org\/index.php\/wp-json\/wp\/v2\/comments?post=45"}],"version-history":[{"count":12,"href":"https:\/\/www.osezlessentiel.org\/index.php\/wp-json\/wp\/v2\/pages\/45\/revisions"}],"predecessor-version":[{"id":576,"href":"https:\/\/www.osezlessentiel.org\/index.php\/wp-json\/wp\/v2\/pages\/45\/revisions\/576"}],"wp:attachment":[{"href":"https:\/\/www.osezlessentiel.org\/index.php\/wp-json\/wp\/v2\/media?parent=45"}],"curies":[{"name":"wp","href":"https:\/\/api.w.org\/{rel}","templated":true}]}}