{"id":362,"date":"2020-11-28T23:09:12","date_gmt":"2020-11-28T22:09:12","guid":{"rendered":"https:\/\/www.osezlessentiel.org\/?page_id=362"},"modified":"2026-01-02T18:24:52","modified_gmt":"2026-01-02T17:24:52","slug":"soins-energetiques","status":"publish","type":"page","link":"https:\/\/www.osezlessentiel.org\/index.php\/soins-energetiques\/","title":{"rendered":"SOINS ENERGETIQUES"},"content":{"rendered":"\n<figure class=\"wp-block-image size-full is-resized\"><img loading=\"lazy\" decoding=\"async\" width=\"290\" height=\"174\" src=\"https:\/\/www.osezlessentiel.org\/wp-content\/uploads\/2020\/12\/Goutte-deau.jpg\" alt=\"\" class=\"wp-image-378\" style=\"width:425px;height:255px\"\/><\/figure>\n\n\n\n<div class=\"wp-block-columns is-layout-flex wp-container-core-columns-is-layout-9d6595d7 wp-block-columns-is-layout-flex\">\n<div class=\"wp-block-column is-layout-flow wp-block-column-is-layout-flow\" style=\"flex-basis:100%\">\n<div class=\"wp-block-group\"><div class=\"wp-block-group__inner-container is-layout-flow wp-block-group-is-layout-flow\">\n<p>Le Reiki est une m\u00e9thode de soin holistique d&rsquo;origine japonaise. Elle a \u00e9t\u00e9 fond\u00e9e \u00e0 la fin du XIX\u00e8me si\u00e8cle par le Dr Mikao Usui. Cette m\u00e9thode a ensuite \u00e9t\u00e9 enseign\u00e9e aux USA puis en Europe.<\/p>\n\n\n\n<p class=\"has-text-align-left\">Le Reiki se pratique par imposition des mains sur diff\u00e9rentes parties du corps, notamment sur les chakras, redonnant ainsi de l&rsquo;\u00e9nergie vitale \u00e0 tout l&rsquo;organisme. C\u2019est une technique de soin holistique qui se rapproche du magn\u00e9tisme.<br>Le Reiki permet de retrouver une harmonie et un \u00e9quilibre dans le corps physique, mais aussi au niveau \u00e9motionnel, mental et spirituel.<\/p>\n\n\n\n<div class=\"wp-block-columns is-layout-flex wp-container-core-columns-is-layout-9d6595d7 wp-block-columns-is-layout-flex\">\n<div class=\"wp-block-column is-vertically-aligned-top is-layout-flow wp-block-column-is-layout-flow\" style=\"flex-basis:100%\">\n<p id=\"une-seance-de-reiki\"><mark style=\"background-color:rgba(0, 0, 0, 0)\" class=\"has-inline-color has-vivid-cyan-blue-color\"><strong>Une s\u00e9ance de Reiki&nbsp;: <\/strong><\/mark><\/p>\n\n\n\n<div class=\"wp-block-group\"><div class=\"wp-block-group__inner-container is-layout-flow wp-block-group-is-layout-flow\">\n<p id=\"elle-s-adresse-a-tout-public-quelque-soit-l-age-y-compris-pour-les-enfants\">Elle s\u2019adresse \u00e0 tout public quelque soit l&rsquo;\u00e2ge, y compris pour les enfants.  Elle commence par un entretien puis se d\u00e9roule allong\u00e9e, la personne reste habill\u00e9e. <\/p>\n<\/div><\/div>\n\n\n\n<p id=\"le-reiki-va-stimuler-les-capacites-naturelles-du-corps-a-s-equilibrer-elle-permet-d-agir-sur-differents-points-tels-que-l-equilibrage-des-energies-du-corps-le-soulagement-des-tensions-et-des-douleurs-l-augmentation-de-l-energie-individuelles-la-realisation-de-soi\"><mark style=\"background-color:rgba(0, 0, 0, 0)\" class=\"has-inline-color has-black-color\">Le Reiki va stimuler les capacit\u00e9s naturelles du corps \u00e0 s&rsquo;\u00e9quilibrer<\/mark>. Il permet d\u2019agir sur diff\u00e9rents points tels que&nbsp;: l\u2019\u00e9quilibrage des \u00e9nergies du corps, le soulagement des tensions et des douleurs, l\u2019augmentation de l\u2019\u00e9nergie individuelles, la r\u00e9alisation de soi, \u2026<\/p>\n\n\n\n<p id=\"la-seance-dure-environ-1-heure-le-nombre-de-seance-necessaire-varie-en-fonction-des-problematiques-rencontrees-je-recois-egalement-un-public-regulier-qui-fait-une-seance-tous-les-semestres-a-titre-preventif-pour-conserver-un-bon-equilibre-de-vie\"><strong><mark style=\"background-color:rgba(0, 0, 0, 0)\" class=\"has-inline-color has-vivid-cyan-blue-color\">La s\u00e9ance dure environ 1 heure<\/mark>. <\/strong><\/p>\n\n\n\n<p id=\"la-seance-dure-environ-1-heure-le-nombre-de-seance-necessaire-varie-en-fonction-des-problematiques-rencontrees-je-recois-egalement-un-public-regulier-qui-fait-une-seance-tous-les-semestres-a-titre-preventif-pour-conserver-un-bon-equilibre-de-vie\">Le nombre de s\u00e9ance n\u00e9cessaire varie en fonction des probl\u00e9matiques rencontr\u00e9es. Je re\u00e7ois \u00e9galement un public r\u00e9gulier qui fait une s\u00e9ance tous les semestres \u00e0 titre pr\u00e9ventif pour conserver un bon \u00e9quilibre de vie.  <\/p>\n\n\n\n<p><mark><em><mark style=\"background-color:#ffffff\" class=\"has-inline-color has-vivid-cyan-blue-color\"><strong>Co\u00fbt pour une s\u00e9ance <\/strong>: <\/mark><\/em><\/mark>55 \u20ac, tarif \u00e9tudiant et minima sociaux : 30\u20ac.<\/p>\n\n\n\n<div class=\"wp-block-columns is-layout-flex wp-container-core-columns-is-layout-9d6595d7 wp-block-columns-is-layout-flex\">\n<div class=\"wp-block-column is-layout-flow wp-block-column-is-layout-flow\" style=\"flex-basis:100%\">\n<div class=\"wp-block-group\"><div class=\"wp-block-group__inner-container is-layout-flow wp-block-group-is-layout-flow\">\n<ul class=\"wp-block-list\">\n<li><em><mark style=\"background-color:rgba(0, 0, 0, 0)\" class=\"has-inline-color has-vivid-purple-color\"><strong>A NOTER<\/strong> : <\/mark>le Reiki est une approche naturelle pour renforcer ou r\u00e9introduire un \u00e9quilibre de circulation de l\u2019\u00e9nergie dans le corps. <mark style=\"background-color:rgba(0, 0, 0, 0)\" class=\"has-inline-color has-vivid-purple-color\">Il ne remplace pas un suivi m\u00e9dical <\/mark>mais peut venir en compl\u00e9ment. Le Reiki permet d\u2019accompagner les personnes au niveau \u00e9nerg\u00e9tique, en r\u00e9tablissant l\u2019harmonie, en les r\u00e9g\u00e9n\u00e9rant, en all\u00e9geant leurs souffrances physiques ou morales. <\/em><\/li>\n<\/ul>\n\n\n\n<p><em><mark style=\"background-color:rgba(0, 0, 0, 0)\" class=\"has-inline-color has-vivid-purple-color\"><strong>A NOTER <\/strong>: le Praticien Reiki ne prescrit pas<\/mark> de substances et n\u2019interf\u00e8re pas avec le traitement d\u2019un professionnel m\u00e9dical. Il ne pose pas de diagnostic, n\u2019ex\u00e9cute pas de traitements m\u00e9dicaux, n\u2019ex\u00e9cute pas de manipulations.<\/em><\/p>\n<\/div><\/div>\n<\/div>\n<\/div>\n<\/div>\n<\/div>\n<\/div><\/div>\n<\/div>\n<\/div>\n\n\n\n<p><\/p>\n","protected":false},"excerpt":{"rendered":"<p>Le Reiki est une m\u00e9thode de soin holistique d&rsquo;origine japonaise. Elle a \u00e9t\u00e9 fond\u00e9e \u00e0 la fin du XIX\u00e8me si\u00e8cle par le Dr Mikao Usui. Cette m\u00e9thode a ensuite \u00e9t\u00e9 enseign\u00e9e aux USA puis en Europe. Le Reiki se pratique par imposition des mains sur diff\u00e9rentes parties du corps, notamment sur les chakras, redonnant ainsi &hellip; <\/p>\n<p class=\"link-more\"><a href=\"https:\/\/www.osezlessentiel.org\/index.php\/soins-energetiques\/\" class=\"more-link\">Continuer la lecture<span class=\"screen-reader-text\"> de &laquo;&nbsp;SOINS ENERGETIQUES&nbsp;&raquo;<\/span><\/a><\/p>\n","protected":false},"author":1,"featured_media":0,"parent":0,"menu_order":0,"comment_status":"closed","ping_status":"closed","template":"","meta":{"footnotes":""},"class_list":["post-362","page","type-page","status-publish","hentry"],"_links":{"self":[{"href":"https:\/\/www.osezlessentiel.org\/index.php\/wp-json\/wp\/v2\/pages\/362","targetHints":{"allow":["GET"]}}],"collection":[{"href":"https:\/\/www.osezlessentiel.org\/index.php\/wp-json\/wp\/v2\/pages"}],"about":[{"href":"https:\/\/www.osezlessentiel.org\/index.php\/wp-json\/wp\/v2\/types\/page"}],"author":[{"embeddable":true,"href":"https:\/\/www.osezlessentiel.org\/index.php\/wp-json\/wp\/v2\/users\/1"}],"replies":[{"embeddable":true,"href":"https:\/\/www.osezlessentiel.org\/index.php\/wp-json\/wp\/v2\/comments?post=362"}],"version-history":[{"count":14,"href":"https:\/\/www.osezlessentiel.org\/index.php\/wp-json\/wp\/v2\/pages\/362\/revisions"}],"predecessor-version":[{"id":683,"href":"https:\/\/www.osezlessentiel.org\/index.php\/wp-json\/wp\/v2\/pages\/362\/revisions\/683"}],"wp:attachment":[{"href":"https:\/\/www.osezlessentiel.org\/index.php\/wp-json\/wp\/v2\/media?parent=362"}],"curies":[{"name":"wp","href":"https:\/\/api.w.org\/{rel}","templated":true}]}}