{"id":17,"date":"2018-04-16T20:42:44","date_gmt":"2018-04-16T20:42:44","guid":{"rendered":"https:\/\/www.osezlessentiel.org\/?page_id=17"},"modified":"2026-01-02T19:03:45","modified_gmt":"2026-01-02T18:03:45","slug":"meditation","status":"publish","type":"page","link":"https:\/\/www.osezlessentiel.org\/index.php\/meditation\/","title":{"rendered":"M\u00c9DITATION : RENFORCER VOTRE \u00c9QUILIBRE INT\u00c9RIEUR"},"content":{"rendered":"<div class=\"wp-block-image\">\n<figure class=\"aligncenter size-large is-resized\"><img loading=\"lazy\" decoding=\"async\" width=\"305\" height=\"250\" src=\"https:\/\/www.osezlessentiel.org\/wp-content\/uploads\/2018\/05\/cropped-Bouddha.jpg\" alt=\"\" class=\"wp-image-476\" style=\"width:525px;height:428px\" srcset=\"https:\/\/www.osezlessentiel.org\/wp-content\/uploads\/2018\/05\/cropped-Bouddha.jpg 305w, https:\/\/www.osezlessentiel.org\/wp-content\/uploads\/2018\/05\/cropped-Bouddha-300x246.jpg 300w\" sizes=\"auto, (max-width: 305px) 100vw, 305px\" \/><\/figure>\n<\/div>\n\n\n<p class=\"has-text-align-center\"><span style=\"color: #ff00ff; font-size: large;\"><span style=\"caret-color: #ff00ff; font-weight: 600;\">&nbsp;<\/span><\/span><\/p>\n\n\n\n<p class=\"has-text-align-center\"><span style=\"font-size: inherit;\">La m\u00e9ditation permet de prendre un moment privil\u00e9gi\u00e9 avec soi-m\u00eame. <\/span><\/p>\n\n\n\n<p class=\"has-text-align-center\"><span style=\"font-size: inherit;\">C&rsquo;est une parenth\u00e8se dans le rythme de nos journ\u00e9es qui permet de se sentir plus align\u00e9 et serein. La m\u00e9ditation permet de gagner en confiance en soi, d&rsquo;apprendre \u00e0 mieux se conna\u00eetre. Elle apporte un&nbsp; bien-\u00eatre et a des effets reconnus sur la sant\u00e9.<\/span><\/p>\n\n\n\n<p class=\"has-text-align-center\">Je vous invite \u00e0 venir partager une s\u00e9ance, que vous soyez d\u00e9butant ou confirm\u00e9. <\/p>\n\n\n\n<p class=\"has-text-align-center\">Je propose des s\u00e9ances de m\u00e9ditation \u00e0 Saint-\u00c9tienne de 20h \u00e0 21H<\/p>\n\n\n\n<p class=\"has-text-align-center\">un mercredi par mois \u00e0 partir du mois de janvier 2025,<\/p>\n\n\n\n<p class=\"has-text-align-center\"><strong>Mercredi 21 janvier, 11 f\u00e9vrier, 11 mars, 22 avril, 20 mai et le 10 juin<\/strong> <strong>2026.<\/strong><\/p>\n\n\n\n<p class=\"has-text-align-center\">21 rue \u00c9mile Littr\u00e9 42 000 Saint-\u00c9tienne<\/p>\n\n\n\n<p class=\"has-text-align-center\">Tarif libre de 3 \u00e0 10 \u20ac.<\/p>\n\n\n\n<p class=\"has-text-align-center\"><strong>Pour s&rsquo;inscrire, envoyez moi un SMS  au 06 77 74 74 62.<\/strong><\/p>\n\n\n\n<p class=\"has-text-align-center\">(8 places par s\u00e9ance)<\/p>\n\n\n\n<p class=\"has-text-align-center\"><\/p>\n\n\n\n<p class=\"has-text-align-center has-very-light-gray-background-color has-text-color has-background\" style=\"color:#a000a3\">Il est n\u00e9cessaire de vous inscrire par SMS <\/p>\n\n\n\n<p class=\"has-text-align-center has-very-light-gray-background-color has-text-color has-background\" style=\"color:#a000a3\">au 06 77 74 74 62 <\/p>\n\n\n\n<p class=\"has-text-align-center has-very-light-gray-background-color has-text-color has-background\" style=\"color:#a000a3\">ou par mail \u00e0 francoise@osezlessentiel.org<\/p>\n","protected":false},"excerpt":{"rendered":"<p>&nbsp; La m\u00e9ditation permet de prendre un moment privil\u00e9gi\u00e9 avec soi-m\u00eame. C&rsquo;est une parenth\u00e8se dans le rythme de nos journ\u00e9es qui permet de se sentir plus align\u00e9 et serein. La m\u00e9ditation permet de gagner en confiance en soi, d&rsquo;apprendre \u00e0 mieux se conna\u00eetre. Elle apporte un&nbsp; bien-\u00eatre et a des effets reconnus sur la sant\u00e9. &hellip; <\/p>\n<p class=\"link-more\"><a href=\"https:\/\/www.osezlessentiel.org\/index.php\/meditation\/\" class=\"more-link\">Continuer la lecture<span class=\"screen-reader-text\"> de &laquo;&nbsp;M\u00c9DITATION : RENFORCER VOTRE \u00c9QUILIBRE INT\u00c9RIEUR&nbsp;&raquo;<\/span><\/a><\/p>\n","protected":false},"author":1,"featured_media":0,"parent":0,"menu_order":0,"comment_status":"closed","ping_status":"closed","template":"","meta":{"footnotes":""},"class_list":["post-17","page","type-page","status-publish","hentry"],"_links":{"self":[{"href":"https:\/\/www.osezlessentiel.org\/index.php\/wp-json\/wp\/v2\/pages\/17","targetHints":{"allow":["GET"]}}],"collection":[{"href":"https:\/\/www.osezlessentiel.org\/index.php\/wp-json\/wp\/v2\/pages"}],"about":[{"href":"https:\/\/www.osezlessentiel.org\/index.php\/wp-json\/wp\/v2\/types\/page"}],"author":[{"embeddable":true,"href":"https:\/\/www.osezlessentiel.org\/index.php\/wp-json\/wp\/v2\/users\/1"}],"replies":[{"embeddable":true,"href":"https:\/\/www.osezlessentiel.org\/index.php\/wp-json\/wp\/v2\/comments?post=17"}],"version-history":[{"count":48,"href":"https:\/\/www.osezlessentiel.org\/index.php\/wp-json\/wp\/v2\/pages\/17\/revisions"}],"predecessor-version":[{"id":690,"href":"https:\/\/www.osezlessentiel.org\/index.php\/wp-json\/wp\/v2\/pages\/17\/revisions\/690"}],"wp:attachment":[{"href":"https:\/\/www.osezlessentiel.org\/index.php\/wp-json\/wp\/v2\/media?parent=17"}],"curies":[{"name":"wp","href":"https:\/\/api.w.org\/{rel}","templated":true}]}}